{"id":54,"date":"2025-10-29T00:39:48","date_gmt":"2025-10-29T00:39:48","guid":{"rendered":"http:\/\/www.efeet.tr\/online\/?page_id=54"},"modified":"2025-10-29T02:18:00","modified_gmt":"2025-10-29T02:18:00","slug":"hizmetlerimiz","status":"publish","type":"page","link":"https:\/\/www.efeet.tr\/online\/hizmetlerimiz\/","title":{"rendered":"Hizmetlerimiz"},"content":{"rendered":"\t\t<div data-elementor-type=\"wp-page\" data-elementor-id=\"54\" class=\"elementor elementor-54\">\n\t\t\t\t<div class=\"elementor-element elementor-element-43ea4f1 e-con-full e-flex e-con e-parent\" data-id=\"43ea4f1\" data-element_type=\"container\">\n\t\t\t\t<div class=\"elementor-element elementor-element-cf524eb elementor-widget-divider--view-line elementor-widget elementor-widget-divider\" data-id=\"cf524eb\" data-element_type=\"widget\" data-widget_type=\"divider.default\">\n\t\t\t\t\t\t\t<div class=\"elementor-divider\">\n\t\t\t<span class=\"elementor-divider-separator\">\n\t\t\t\t\t\t<\/span>\n\t\t<\/div>\n\t\t\t\t\t\t<\/div>\n\t\t\t\t<\/div>\n\t\t<div class=\"elementor-element elementor-element-92a3c27 e-flex e-con-boxed e-con e-parent\" data-id=\"92a3c27\" data-element_type=\"container\">\n\t\t\t\t\t<div class=\"e-con-inner\">\n\t\t\t\t<div class=\"elementor-element elementor-element-b30bc36 elementor-widget elementor-widget-text-editor\" data-id=\"b30bc36\" data-element_type=\"widget\" data-widget_type=\"text-editor.default\">\n\t\t\t\t\t\t\t\t\t<ul><li data-start=\"148\" data-end=\"249\"><p data-start=\"151\" data-end=\"249\"><strong data-start=\"151\" data-end=\"170\">Taze K\u0131rm\u0131z\u0131 Et<\/strong><br data-start=\"170\" data-end=\"173\" \/>G\u00fcnl\u00fck olarak se\u00e7ilen dana ve kuzu etlerini hijyenik ko\u015fullarda sunuyoruz.<\/p><\/li><li data-start=\"251\" data-end=\"350\"><p data-start=\"254\" data-end=\"350\"><strong data-start=\"254\" data-end=\"275\">Beyaz Et \u00dcr\u00fcnleri<\/strong><br data-start=\"275\" data-end=\"278\" \/>Lezzetli ve g\u00fcvenilir tavuk \u00fcr\u00fcnleriyle sofralar\u0131n\u0131za \u00e7e\u015fit kat\u0131yoruz.<\/p><\/li><li data-start=\"352\" data-end=\"478\"><p data-start=\"355\" data-end=\"478\"><strong data-start=\"355\" data-end=\"385\">K\u0131yma ve Ku\u015fba\u015f\u0131 Haz\u0131rl\u0131\u011f\u0131<\/strong><br data-start=\"385\" data-end=\"388\" \/>\u0130htiyac\u0131n\u0131za g\u00f6re taze \u00e7ekilmi\u015f k\u0131yma ve \u00f6zenle do\u011franm\u0131\u015f ku\u015fba\u015f\u0131 se\u00e7enekleri sunuyoruz.<\/p><\/li><li data-start=\"480\" data-end=\"619\"><p data-start=\"483\" data-end=\"619\"><strong data-start=\"483\" data-end=\"513\">Sucuk &amp; \u015eark\u00fcteri \u00dcr\u00fcnleri<\/strong><br data-start=\"513\" data-end=\"516\" \/>Do\u011fal baharatlarla haz\u0131rlanan sucuk, past\u0131rma ve \u015fark\u00fcteri \u00fcr\u00fcnleriyle damak tad\u0131n\u0131za hitap ediyoruz.<\/p><\/li><li data-start=\"621\" data-end=\"737\"><p data-start=\"624\" data-end=\"737\"><strong data-start=\"624\" data-end=\"652\">\u00d6zel Izgara Haz\u0131rl\u0131klar\u0131<\/strong><br data-start=\"652\" data-end=\"655\" \/>Mangall\u0131k et \u00e7e\u015fitleri ve \u015fi\u015f haz\u0131rlar\u0131yla keyifli sofralar\u0131n\u0131za e\u015flik ediyoruz.<\/p><\/li><li data-start=\"739\" data-end=\"851\"><p data-start=\"742\" data-end=\"851\"><strong data-start=\"742\" data-end=\"778\">Restoran ve Otellere Toplu Sat\u0131\u015f<\/strong><br data-start=\"778\" data-end=\"781\" \/>Profesyonel i\u015fletmelere toplu et ve \u00fcr\u00fcn tedarik hizmeti sa\u011fl\u0131yoruz.<\/p><\/li><li data-start=\"853\" data-end=\"955\"><p data-start=\"856\" data-end=\"955\"><strong data-start=\"856\" data-end=\"875\">Adrese Teslimat<\/strong><br data-start=\"875\" data-end=\"878\" \/>Sipari\u015flerinizi g\u00fcvenli paketleme ve h\u0131zl\u0131 teslimatla kap\u0131n\u0131za getiriyoruz.<\/p><\/li><li data-start=\"957\" data-end=\"1063\"><p data-start=\"960\" data-end=\"1063\"><strong data-start=\"960\" data-end=\"985\">\u00d6zel G\u00fcn Haz\u0131rl\u0131klar\u0131<\/strong><br data-start=\"985\" data-end=\"988\" \/>D\u00fc\u011f\u00fcn, davet ve organizasyonlar i\u00e7in toplu et ve kasap hizmeti veriyoruz.<\/p><\/li><li data-start=\"1065\" data-end=\"1178\"><p data-start=\"1068\" data-end=\"1178\"><strong data-start=\"1068\" data-end=\"1091\">Dan\u0131\u015fmanl\u0131k Hizmeti<\/strong><br data-start=\"1091\" data-end=\"1094\" \/>Et saklama, pi\u015firme ve \u00fcr\u00fcn se\u00e7imi konular\u0131nda m\u00fc\u015fterilerimize rehberlik ediyoruz.<\/p><\/li><li data-start=\"1184\" data-end=\"1292\"><strong data-start=\"1184\" data-end=\"1212\">Kampanya &amp; \u00d6zel Fiyatlar<\/strong><br data-start=\"1212\" data-end=\"1215\" \/>D\u00f6nemsel indirimler ve m\u00fc\u015fteri dostu fiyatlarla b\u00fct\u00e7enize katk\u0131 sa\u011fl\u0131yoruz.<\/li><\/ul>\t\t\t\t\t\t\t\t<\/div>\n\t\t\t\t\t<\/div>\n\t\t\t\t<\/div>\n\t\t\t\t<\/div>\n\t\t","protected":false},"excerpt":{"rendered":"<p>Taze K\u0131rm\u0131z\u0131 EtG\u00fcnl\u00fck olarak se\u00e7ilen dana ve kuzu etlerini hijyenik ko\u015fullarda sunuyoruz. Beyaz Et \u00dcr\u00fcnleriLezzetli [&hellip;]<\/p>\n","protected":false},"author":1,"featured_media":0,"parent":0,"menu_order":0,"comment_status":"closed","ping_status":"closed","template":"elementor_header_footer","meta":{"pagelayer_contact_templates":[],"_pagelayer_content":"","footnotes":""},"class_list":["post-54","page","type-page","status-publish","hentry"],"_links":{"self":[{"href":"https:\/\/www.efeet.tr\/online\/wp-json\/wp\/v2\/pages\/54","targetHints":{"allow":["GET"]}}],"collection":[{"href":"https:\/\/www.efeet.tr\/online\/wp-json\/wp\/v2\/pages"}],"about":[{"href":"https:\/\/www.efeet.tr\/online\/wp-json\/wp\/v2\/types\/page"}],"author":[{"embeddable":true,"href":"https:\/\/www.efeet.tr\/online\/wp-json\/wp\/v2\/users\/1"}],"replies":[{"embeddable":true,"href":"https:\/\/www.efeet.tr\/online\/wp-json\/wp\/v2\/comments?post=54"}],"version-history":[{"count":4,"href":"https:\/\/www.efeet.tr\/online\/wp-json\/wp\/v2\/pages\/54\/revisions"}],"predecessor-version":[{"id":166,"href":"https:\/\/www.efeet.tr\/online\/wp-json\/wp\/v2\/pages\/54\/revisions\/166"}],"wp:attachment":[{"href":"https:\/\/www.efeet.tr\/online\/wp-json\/wp\/v2\/media?parent=54"}],"curies":[{"name":"wp","href":"https:\/\/api.w.org\/{rel}","templated":true}]}}